{"id":1371,"date":"2023-08-06T10:05:05","date_gmt":"2023-08-06T08:05:05","guid":{"rendered":"http:\/\/jcbis.pl\/?page_id=1371"},"modified":"2024-02-29T20:30:48","modified_gmt":"2024-02-29T19:30:48","slug":"\u0440\u0435\u043c\u043e\u043d\u0442-\u043a\u043b\u0430\u0441\u0438\u0447\u043d\u0438\u0445-\u0430\u0432\u0442\u043e\u043c\u043e\u0431\u0456\u043b\u0456\u0432-\u0432\u0430\u043b\u0431\u0436\u0438","status":"publish","type":"page","link":"https:\/\/jcbis.pl\/uk\/\u0440\u0435\u043c\u043e\u043d\u0442-\u043a\u043b\u0430\u0441\u0438\u0447\u043d\u0438\u0445-\u0430\u0432\u0442\u043e\u043c\u043e\u0431\u0456\u043b\u0456\u0432-\u0432\u0430\u043b\u0431\u0436\u0438\/","title":{"rendered":"\u0420\u0435\u0441\u0442\u0430\u0432\u0440\u0430\u0446\u0456\u044f \u043a\u043b\u0430\u0441\u0438\u0447\u043d\u0438\u0445 \u0430\u0432\u0442\u043e\u043c\u043e\u0431\u0456\u043b\u0456\u0432 \u0443 \u0412\u0430\u043b\u044c\u0431\u0436\u0438\u0445\u0443"},"content":{"rendered":"<div data-elementor-type=\"wp-page\" data-elementor-id=\"1371\" class=\"elementor elementor-1371\" data-elementor-post-type=\"page\">\n\t\t\t\t\t\t<section class=\"elementor-section elementor-top-section elementor-element elementor-element-4e696aad0 elementor-section-height-min-height elementor-section-boxed elementor-section-height-default elementor-section-items-middle wpr-particle-no wpr-jarallax-no wpr-parallax-no wpr-sticky-section-no\" data-id=\"4e696aad0\" data-element_type=\"section\" data-e-type=\"section\" data-settings=\"{&quot;background_background&quot;:&quot;classic&quot;,&quot;shape_divider_bottom&quot;:&quot;tilt&quot;}\">\n\t\t\t\t\t\t\t<div class=\"elementor-background-overlay\"><\/div>\n\t\t\t\t\t\t<div class=\"elementor-shape elementor-shape-bottom\" aria-hidden=\"true\" data-negative=\"false\">\n\t\t\t<svg xmlns=\"http:\/\/www.w3.org\/2000\/svg\" viewbox=\"0 0 1000 100\" preserveaspectratio=\"none\">\n\t<path class=\"elementor-shape-fill\" d=\"M0,6V0h1000v100L0,6z\"\/>\n<\/svg>\t\t<\/div>\n\t\t\t\t\t<div class=\"elementor-container elementor-column-gap-default\">\n\t\t\t\t\t<div class=\"elementor-column elementor-col-100 elementor-top-column elementor-element elementor-element-42cd40f\" data-id=\"42cd40f\" data-element_type=\"column\" data-e-type=\"column\">\n\t\t\t<div class=\"elementor-widget-wrap elementor-element-populated\">\n\t\t\t\t\t\t<div class=\"elementor-element elementor-element-5fd2c069 elementor-widget elementor-widget-heading\" data-id=\"5fd2c069\" data-element_type=\"widget\" data-e-type=\"widget\" data-widget_type=\"heading.default\">\n\t\t\t\t<div class=\"elementor-widget-container\">\n\t\t\t\t\t<h2 class=\"elementor-heading-title elementor-size-default\">\u0420\u0435\u0441\u0442\u0430\u0432\u0440\u0430\u0446\u0456\u044f \u043a\u043b\u0430\u0441\u0438\u0447\u043d\u0438\u0445 \u0430\u0432\u0442\u043e\u043c\u043e\u0431\u0456\u043b\u0456\u0432 \u0443 \u0412\u0430\u043b\u044c\u0431\u0436\u0438\u0445\u0443<\/h2>\t\t\t\t<\/div>\n\t\t\t\t<\/div>\n\t\t\t\t\t<\/div>\n\t\t<\/div>\n\t\t\t\t\t<\/div>\n\t\t<\/section>\n\t\t\t\t<section class=\"elementor-section elementor-top-section elementor-element elementor-element-30e14dc elementor-section-boxed elementor-section-height-default elementor-section-height-default wpr-particle-no wpr-jarallax-no wpr-parallax-no wpr-sticky-section-no\" data-id=\"30e14dc\" data-element_type=\"section\" data-e-type=\"section\">\n\t\t\t\t\t\t<div class=\"elementor-container elementor-column-gap-default\">\n\t\t\t\t\t<div class=\"elementor-column elementor-col-100 elementor-top-column elementor-element elementor-element-cbb70cc\" data-id=\"cbb70cc\" data-element_type=\"column\" data-e-type=\"column\">\n\t\t\t<div class=\"elementor-widget-wrap elementor-element-populated\">\n\t\t\t\t\t\t<div class=\"elementor-element elementor-element-2d57f81 elementor-widget__width-initial elementor-widget-mobile__width-initial elementor-widget elementor-widget-heading\" data-id=\"2d57f81\" data-element_type=\"widget\" data-e-type=\"widget\" data-widget_type=\"heading.default\">\n\t\t\t\t<div class=\"elementor-widget-container\">\n\t\t\t\t\t<h2 class=\"elementor-heading-title elementor-size-default\">\u0420\u0435\u0441\u0442\u0430\u0432\u0440\u0430\u0446\u0456\u044f \u043a\u043b\u0430\u0441\u0438\u0447\u043d\u0438\u0445 \u0430\u0432\u0442\u043e\u043c\u043e\u0431\u0456\u043b\u0456\u0432 \u0432 JC BiS - \u043f\u043e\u0441\u043b\u0443\u0433\u0430 \u0434\u043b\u044f \u043b\u044e\u0431\u0438\u0442\u0435\u043b\u0456\u0432 \u043f\u0430\u043c&#039;\u044f\u0442\u043e\u043a\n\n\n\n\n<\/h2>\t\t\t\t<\/div>\n\t\t\t\t<\/div>\n\t\t\t\t<div class=\"elementor-element elementor-element-25543adf elementor-widget__width-initial elementor-widget-mobile__width-initial elementor-widget elementor-widget-text-editor\" data-id=\"25543adf\" data-element_type=\"widget\" data-e-type=\"widget\" data-widget_type=\"text-editor.default\">\n\t\t\t\t<div class=\"elementor-widget-container\">\n\t\t\t\t\t\t\t\t\t<p>\u0420\u0435\u0441\u0442\u0430\u0432\u0440\u0430\u0446\u0456\u044f \u043a\u043b\u0430\u0441\u0438\u0447\u043d\u0438\u0445 \u0430\u0432\u0442\u043e\u043c\u043e\u0431\u0456\u043b\u0456\u0432 \u0443 \u0412\u0430\u043b\u0431\u0436\u0456\u0445\u0443 \u2013 \u044f\u043a\u0449\u043e \u0432\u0438 \u0432\u043e\u043b\u043e\u0434\u0456\u0454\u0442\u0435 \u0430\u0431\u043e \u043c\u0440\u0456\u0454\u0442\u0435 \u043c\u0430\u0442\u0438 \u043a\u043b\u0430\u0441\u0438\u0447\u043d\u0438\u0439 \u0430\u0432\u0442\u043e\u043c\u043e\u0431\u0456\u043b\u044c, \u043d\u0430\u0448\u0430 \u043f\u043e\u0441\u043b\u0443\u0433\u0430 \u0437 \u0440\u0435\u0441\u0442\u0430\u0432\u0440\u0430\u0446\u0456\u0457 \u043a\u043b\u0430\u0441\u0438\u0447\u043d\u0438\u0445 \u0430\u0432\u0442\u043e\u043c\u043e\u0431\u0456\u043b\u0456\u0432 \u0441\u0442\u0432\u043e\u0440\u0435\u043d\u0430 \u0434\u043b\u044f \u0432\u0430\u0441. \u041d\u0430\u0448\u0430 \u043a\u043e\u043c\u0430\u043d\u0434\u0430 \u0430\u0432\u0442\u043e\u043c\u043e\u0431\u0456\u043b\u044c\u043d\u0438\u0445 \u0435\u043d\u0442\u0443\u0437\u0456\u0430\u0441\u0442\u0456\u0432 \u0433\u043b\u0438\u0431\u043e\u043a\u043e \u043b\u044e\u0431\u0438\u0442\u044c \u0441\u0442\u0430\u0440\u043e\u0432\u0438\u043d\u043d\u0456 \u0430\u0432\u0442\u043e\u043c\u043e\u0431\u0456\u043b\u0456 \u0442\u0430 \u043f\u0440\u0438\u0434\u0456\u043b\u044f\u0454 \u0443\u0432\u0430\u0433\u0443 \u043a\u043e\u0436\u043d\u0456\u0439 \u0434\u0435\u0442\u0430\u043b\u0456. \u041c\u0438 \u043f\u0440\u043e\u043f\u043e\u043d\u0443\u0454\u043c\u043e \u043a\u043e\u043c\u043f\u043b\u0435\u043a\u0441\u043d\u0443 \u0440\u0435\u043a\u043e\u043d\u0441\u0442\u0440\u0443\u043a\u0446\u0456\u044e, \u044f\u043a\u0430 \u043f\u043e\u0432\u0435\u0440\u0442\u0430\u0454 \u0432\u0430\u0448\u043e\u043c\u0443 \u043a\u043b\u0430\u0441\u0438\u0447\u043d\u043e\u043c\u0443 \u0430\u0432\u0442\u043e\u043c\u043e\u0431\u0456\u043b\u044e \u043a\u043e\u043b\u0438\u0448\u043d\u044e \u0441\u043b\u0430\u0432\u0443.<\/p>\t\t\t\t\t\t\t\t<\/div>\n\t\t\t\t<\/div>\n\t\t\t\t\t<\/div>\n\t\t<\/div>\n\t\t\t\t\t<\/div>\n\t\t<\/section>\n\t\t\t\t<section class=\"elementor-section elementor-top-section elementor-element elementor-element-3e839c8d elementor-section-boxed elementor-section-height-default elementor-section-height-default wpr-particle-no wpr-jarallax-no wpr-parallax-no wpr-sticky-section-no\" data-id=\"3e839c8d\" data-element_type=\"section\" data-e-type=\"section\">\n\t\t\t\t\t\t<div class=\"elementor-container elementor-column-gap-default\">\n\t\t\t\t\t<div class=\"elementor-column elementor-col-100 elementor-top-column elementor-element elementor-element-73055e49\" data-id=\"73055e49\" data-element_type=\"column\" data-e-type=\"column\">\n\t\t\t<div class=\"elementor-widget-wrap elementor-element-populated\">\n\t\t\t\t\t\t<div class=\"elementor-element elementor-element-85a4009 elementor-widget__width-initial elementor-widget elementor-widget-heading\" data-id=\"85a4009\" data-element_type=\"widget\" data-e-type=\"widget\" data-widget_type=\"heading.default\">\n\t\t\t\t<div class=\"elementor-widget-container\">\n\t\t\t\t\t<h2 class=\"elementor-heading-title elementor-size-default\">\u041d\u0430\u0448\u0456 \u043f\u043e\u0441\u043b\u0443\u0433\u0438 \u0437 \u0440\u0435\u0441\u0442\u0430\u0432\u0440\u0430\u0446\u0456\u0457 \u043a\u043b\u0430\u0441\u0438\u0447\u043d\u0438\u0445 \u0430\u0432\u0442\u043e\u043c\u043e\u0431\u0456\u043b\u0456\u0432 \u0432\u043a\u043b\u044e\u0447\u0430\u044e\u0442\u044c:<\/h2>\t\t\t\t<\/div>\n\t\t\t\t<\/div>\n\t\t\t\t<div class=\"elementor-element elementor-element-1993b3c8 wpr-list-style-none elementor-widget elementor-widget-wpr-posts-timeline\" data-id=\"1993b3c8\" data-element_type=\"widget\" data-e-type=\"widget\" data-settings=\"{&quot;animation_offset&quot;:150,&quot;aos_animation_duration&quot;:600}\" data-widget_type=\"wpr-posts-timeline.default\">\n\t\t\t\t<div class=\"elementor-widget-container\">\n\t\t\t\t\t\n\t\t<div class=\"wpr-wrapper wpr-vertical wpr-centered\">\n\t\t\t<div class=\"wpr-timeline-centered wpr-line wpr-both-sided-timeline\"><div class=\"wpr-middle-line\"><\/div><div class=\"wpr-timeline-fill\" data-layout=\"centered\"><\/div><article class=\"wpr-timeline-entry wpr-left-aligned elementor-repeater-item-f94da51\" data-item-id=\"elementor-repeater-item-f94da51\"><div class=\"wpr-timeline-entry-inner\"><div class=\"wpr-main-line-icon wpr-icon\"><\/div><div class=\"wpr-story-info-vertical wpr-data-wrap\"  data-aos=\"fade\" data-aos-left=\"\" data-aos-right=\"\" data-animation-offset=\"150\" data-animation-duration=\"600\"><div class=\"wpr-timeline-content-wrapper\"><div class=\"wpr-content-wrapper\"><div class=\"wpr-title-wrap\"><span class=\"wpr-title\">Diagnostyk\u0119 i Oceny<\/span><\/div><div class=\"wpr-description\"><p>\u041c\u0438 \u043f\u043e\u0447\u0438\u043d\u0430\u0454\u043c\u043e \u0437 \u0440\u0435\u0442\u0435\u043b\u044c\u043d\u043e\u0457 \u0434\u0456\u0430\u0433\u043d\u043e\u0441\u0442\u0438\u043a\u0438 \u0432\u0430\u0448\u043e\u0433\u043e \u0430\u0432\u0442\u043e\u043c\u043e\u0431\u0456\u043b\u044f, \u0449\u043e\u0431 \u0432\u0438\u0437\u043d\u0430\u0447\u0438\u0442\u0438, \u0447\u0438 \u043f\u043e\u0442\u0440\u0456\u0431\u043d\u0438\u0439 \u0440\u0435\u043c\u043e\u043d\u0442 \u0456 \u043e\u043d\u043e\u0432\u043b\u0435\u043d\u043d\u044f. \u041d\u0430\u0448\u0430 \u043a\u043e\u043c\u0430\u043d\u0434\u0430 \u0434\u043e\u043f\u043e\u043c\u043e\u0436\u0435 \u0432\u0430\u043c \u0440\u043e\u0437\u0456\u0431\u0440\u0430\u0442\u0438\u0441\u044f \u0432 \u043e\u0431\u0441\u044f\u0437\u0456 \u0440\u043e\u0431\u043e\u0442\u0438 \u0456 \u043f\u0440\u0435\u0434\u0441\u0442\u0430\u0432\u0438\u0442\u044c \u043d\u0430\u0439\u043a\u0440\u0430\u0449\u0456 \u0440\u0456\u0448\u0435\u043d\u043d\u044f.<\/p><\/div><\/div><\/div><\/div>\n\t\t\t\t\t\t<\/div>\n\t\t\t\t<\/article><article class=\"wpr-timeline-entry wpr-right-aligned elementor-repeater-item-2a37755\" data-item-id=\"elementor-repeater-item-2a37755\"><div class=\"wpr-timeline-entry-inner\"><div class=\"wpr-main-line-icon wpr-icon\"><\/div><div class=\"wpr-story-info-vertical wpr-data-wrap\"  data-aos=\"fade\" data-aos-left=\"\" data-aos-right=\"\" data-animation-offset=\"150\" data-animation-duration=\"600\"><div class=\"wpr-timeline-content-wrapper\"><div class=\"wpr-content-wrapper\"><div class=\"wpr-title-wrap\"><span class=\"wpr-title\">Naprawy i Restauracje<\/span><\/div><div class=\"wpr-description\"><p>\u0412\u0456\u0434 \u0440\u0435\u043a\u043e\u043d\u0441\u0442\u0440\u0443\u043a\u0446\u0456\u0457 \u043a\u0443\u0437\u043e\u0432\u0430 \u0434\u043e \u043a\u043e\u043c\u043f\u043b\u0435\u043a\u0441\u043d\u043e\u0433\u043e \u043e\u043d\u043e\u0432\u043b\u0435\u043d\u043d\u044f \u0441\u0430\u043b\u043e\u043d\u0443 \u043d\u0430\u0448\u0456 \u0441\u043f\u0435\u0446\u0456\u0430\u043b\u0456\u0441\u0442\u0438 \u043f\u0440\u0430\u0446\u044e\u044e\u0442\u044c \u0437 \u043c\u0430\u043a\u0441\u0438\u043c\u0430\u043b\u044c\u043d\u043e\u044e \u0442\u043e\u0447\u043d\u0456\u0441\u0442\u044e \u0442\u0430 \u0442\u0443\u0440\u0431\u043e\u0442\u043e\u044e. \u0417\u0430\u0432\u0434\u044f\u043a\u0438 \u0446\u044c\u043e\u043c\u0443 \u0432\u0430\u0448 \u043a\u043b\u0430\u0441\u0438\u0447\u043d\u0438\u0439 \u0430\u0432\u0442\u043e\u043c\u043e\u0431\u0456\u043b\u044c \u043f\u043e\u0432\u0435\u0440\u0442\u0430\u0454 \u0441\u0432\u043e\u044e \u043f\u0435\u0440\u0432\u0456\u0441\u043d\u0443 \u043a\u0440\u0430\u0441\u0443.<\/p><\/div><\/div><\/div><\/div>\n\t\t\t\t\t\t<\/div>\n\t\t\t\t<\/article><article class=\"wpr-timeline-entry wpr-left-aligned elementor-repeater-item-dc77abf\" data-item-id=\"elementor-repeater-item-dc77abf\"><div class=\"wpr-timeline-entry-inner\"><div class=\"wpr-main-line-icon wpr-icon\"><\/div><div class=\"wpr-story-info-vertical wpr-data-wrap\"  data-aos=\"fade\" data-aos-left=\"\" data-aos-right=\"\" data-animation-offset=\"150\" data-animation-duration=\"600\"><div class=\"wpr-timeline-content-wrapper\"><div class=\"wpr-content-wrapper\"><div class=\"wpr-title-wrap\"><span class=\"wpr-title\">Wymian\u0119 Cz\u0119\u015bci<\/span><\/div><div class=\"wpr-description\"><p>\u042f\u043a\u0449\u043e \u043f\u043e\u0442\u0440\u0456\u0431\u043d\u0456 \u043d\u043e\u0432\u0456 \u0434\u0435\u0442\u0430\u043b\u0456, \u043c\u0438 \u0432\u0438\u043a\u043e\u0440\u0438\u0441\u0442\u043e\u0432\u0443\u0454\u043c\u043e \u0430\u0432\u0442\u0435\u043d\u0442\u0438\u0447\u043d\u0456 \u043a\u043e\u043c\u043f\u043e\u043d\u0435\u043d\u0442\u0438 \u0430\u0431\u043e \u0440\u0435\u0442\u0435\u043b\u044c\u043d\u043e \u0432\u0456\u0434\u0456\u0431\u0440\u0430\u043d\u0456 \u044f\u043a\u0456\u0441\u043d\u0456 \u0437\u0430\u043c\u0456\u043d\u0438, \u0449\u043e\u0431 \u0437\u0431\u0435\u0440\u0435\u0433\u0442\u0438 \u0430\u0432\u0442\u0435\u043d\u0442\u0438\u0447\u043d\u0456\u0441\u0442\u044c \u0456 \u0446\u0456\u043d\u043d\u0456\u0441\u0442\u044c \u0432\u0430\u0448\u043e\u0433\u043e \u0430\u0432\u0442\u043e\u043c\u043e\u0431\u0456\u043b\u044f.<\/p><\/div><\/div><\/div><\/div>\n\t\t\t\t\t\t<\/div>\n\t\t\t\t<\/article><\/div>    \n\t\t\t<\/div>\t\t\t\t<\/div>\n\t\t\t\t<\/div>\n\t\t\t\t\t<\/div>\n\t\t<\/div>\n\t\t\t\t\t<\/div>\n\t\t<\/section>\n\t\t\t\t<section class=\"elementor-section elementor-top-section elementor-element elementor-element-190bd14 elementor-section-boxed elementor-section-height-default elementor-section-height-default wpr-particle-no wpr-jarallax-no wpr-parallax-no wpr-sticky-section-no\" data-id=\"190bd14\" data-element_type=\"section\" data-e-type=\"section\">\n\t\t\t\t\t\t<div class=\"elementor-container elementor-column-gap-default\">\n\t\t\t\t\t<div class=\"elementor-column elementor-col-100 elementor-top-column elementor-element elementor-element-1b518fc\" data-id=\"1b518fc\" data-element_type=\"column\" data-e-type=\"column\">\n\t\t\t<div class=\"elementor-widget-wrap elementor-element-populated\">\n\t\t\t\t\t\t<div class=\"elementor-element elementor-element-a7dece4 elementor-widget__width-initial elementor-widget-mobile__width-initial elementor-widget elementor-widget-text-editor\" data-id=\"a7dece4\" data-element_type=\"widget\" data-e-type=\"widget\" data-widget_type=\"text-editor.default\">\n\t\t\t\t<div class=\"elementor-widget-container\">\n\t\t\t\t\t\t\t\t\t<p>\u041d\u0430\u0448\u0430 \u043a\u043e\u043c\u0430\u043d\u0434\u0430 \u043f\u0440\u0430\u0433\u043d\u0435 \u0432\u0456\u0434\u043d\u043e\u0432\u0438\u0442\u0438 \u043e\u0440\u0438\u0433\u0456\u043d\u0430\u043b\u044c\u043d\u0456 \u0434\u0435\u0442\u0430\u043b\u0456 \u0442\u0430 \u0432\u0456\u0434\u043c\u0456\u043d\u043d\u0456 \u0440\u0438\u0441\u0438 \u0432\u0430\u0448\u043e\u0433\u043e \u043a\u043b\u0430\u0441\u0438\u0447\u043d\u043e\u0433\u043e \u0430\u0432\u0442\u043e\u043c\u043e\u0431\u0456\u043b\u044f. \u041c\u0438 \u043f\u0440\u043e\u043f\u043e\u043d\u0443\u0454\u043c\u043e \u0446\u0456\u043b\u0435\u0441\u043f\u0440\u044f\u043c\u043e\u0432\u0430\u043d\u0438\u0439 \u0434\u043e\u0433\u043b\u044f\u0434, \u0449\u043e\u0431 \u0432\u0430\u0448 \u043a\u043b\u0430\u0441\u0438\u0447\u043d\u0438\u0439 \u0430\u0432\u0442\u043e\u043c\u043e\u0431\u0456\u043b\u044c \u043c\u0456\u0433 \u0432\u0456\u0434\u043d\u043e\u0432\u0438\u0442\u0438 \u0441\u0432\u043e\u044e \u0456\u0441\u0442\u043e\u0440\u0456\u044e.<\/p>\t\t\t\t\t\t\t\t<\/div>\n\t\t\t\t<\/div>\n\t\t\t\t\t<\/div>\n\t\t<\/div>\n\t\t\t\t\t<\/div>\n\t\t<\/section>\n\t\t\t\t<section class=\"elementor-section elementor-top-section elementor-element elementor-element-4aca62d elementor-section-boxed elementor-section-height-default elementor-section-height-default wpr-particle-no wpr-jarallax-no wpr-parallax-no wpr-sticky-section-no\" data-id=\"4aca62d\" data-element_type=\"section\" data-e-type=\"section\">\n\t\t\t\t\t\t<div class=\"elementor-container elementor-column-gap-default\">\n\t\t\t\t\t<div class=\"elementor-column elementor-col-100 elementor-top-column elementor-element elementor-element-33d9ba6\" data-id=\"33d9ba6\" data-element_type=\"column\" data-e-type=\"column\">\n\t\t\t<div class=\"elementor-widget-wrap elementor-element-populated\">\n\t\t\t\t\t\t<div class=\"elementor-element elementor-element-248ff0f elementor-widget elementor-widget-video\" data-id=\"248ff0f\" data-element_type=\"widget\" data-e-type=\"widget\" data-settings=\"{&quot;youtube_url&quot;:&quot;https:\\\/\\\/www.youtube.com\\\/watch?v=F6WqUJmnXCk&amp;ab_channel=MechanikWa%C5%82brzych%7CJCB&quot;,&quot;video_type&quot;:&quot;youtube&quot;,&quot;controls&quot;:&quot;yes&quot;}\" data-widget_type=\"video.default\">\n\t\t\t\t<div class=\"elementor-widget-container\">\n\t\t\t\t\t\t\t<div class=\"elementor-wrapper elementor-open-inline\">\n\t\t\t<div class=\"elementor-video\"><\/div>\t\t<\/div>\n\t\t\t\t\t\t<\/div>\n\t\t\t\t<\/div>\n\t\t\t\t\t<\/div>\n\t\t<\/div>\n\t\t\t\t\t<\/div>\n\t\t<\/section>\n\t\t\t\t<section class=\"elementor-section elementor-top-section elementor-element elementor-element-f2a2594 elementor-section-boxed elementor-section-height-default elementor-section-height-default wpr-particle-no wpr-jarallax-no wpr-parallax-no wpr-sticky-section-no\" data-id=\"f2a2594\" data-element_type=\"section\" data-e-type=\"section\">\n\t\t\t\t\t\t<div class=\"elementor-container elementor-column-gap-default\">\n\t\t\t\t\t<div class=\"elementor-column elementor-col-100 elementor-top-column elementor-element elementor-element-a48ab7f\" data-id=\"a48ab7f\" data-element_type=\"column\" data-e-type=\"column\">\n\t\t\t<div class=\"elementor-widget-wrap elementor-element-populated\">\n\t\t\t\t\t\t<div class=\"elementor-element elementor-element-5b64ddd elementor-widget elementor-widget-spacer\" data-id=\"5b64ddd\" data-element_type=\"widget\" data-e-type=\"widget\" data-widget_type=\"spacer.default\">\n\t\t\t\t<div class=\"elementor-widget-container\">\n\t\t\t\t\t\t\t<div class=\"elementor-spacer\">\n\t\t\t<div class=\"elementor-spacer-inner\"><\/div>\n\t\t<\/div>\n\t\t\t\t\t\t<\/div>\n\t\t\t\t<\/div>\n\t\t\t\t\t<\/div>\n\t\t<\/div>\n\t\t\t\t\t<\/div>\n\t\t<\/section>\n\t\t\t\t<\/div>","protected":false},"excerpt":{"rendered":"<p>Renowacja Samochod\u00f3w Klasycznych Wa\u0142brzych Renowacja Samochod\u00f3w Klasycznych w JC BiS &#8211; us\u0142uga dedykowana mi\u0142o\u015bnikom zabytk\u00f3w Renowacja Samochod\u00f3w Klasycznych Wa\u0142brzychu &#8211; Je\u015bli posiadasz lub marzysz o posiadaniu klasycznego samochodu, nasza us\u0142uga Renowacji Samochod\u00f3w Klasycznych jest stworzona dla Ciebie. Nasz zesp\u00f3\u0142 pasjonat\u00f3w motoryzacji ma g\u0142\u0119bok\u0105 mi\u0142o\u015b\u0107 do samochod\u00f3w zabytkowych i dba\u0142o\u015b\u0107 o ka\u017cdy szczeg\u00f3\u0142. Oferujemy kompleksow\u0105 renowacj\u0119, kt\u00f3ra przywraca dawny blask Twojemu klasycznemu pojazdowi. Nasza us\u0142uga Renowacji Samochod\u00f3w Klasycznych obejmuje: Diagnostyk\u0119 i Oceny Rozpoczynamy od dok\u0142adnej diagnostyki samochodu, aby zidentyfikowa\u0107 wymagane naprawy i renowacje. Nasz zesp\u00f3\u0142 pomo\u017ce Ci zrozumie\u0107 zakres prac i przedstawi najlepsze rozwi\u0105zania. Naprawy i Restauracje Od odbudowy nadwozia po kompleksowe odnowienie wn\u0119trza, nasi specjali\u015bci pracuj\u0105 z najwi\u0119ksz\u0105 precyzj\u0105 i staranno\u015bci\u0105. Dzi\u0119ki temu Tw\u00f3j klasyczny samoch\u00f3d odzyskuje swoje pierwotne pi\u0119kno. Wymian\u0119 Cz\u0119\u015bci Je\u015bli potrzebne s\u0105 nowe cz\u0119\u015bci, korzystamy z autentycznych podzespo\u0142\u00f3w lub starannie dobranej jako\u015bci zamiennik\u00f3w, aby zachowa\u0107 autentyczno\u015b\u0107 i warto\u015b\u0107 Twojego pojazdu. Nasz zesp\u00f3\u0142 jest zaanga\u017cowany w odtworzenie oryginalnych detali i charakterystycznych cech Twojego samochodu klasycznego. Oferujemy dedykowan\u0105 opiek\u0119, aby Tw\u00f3j zabytkowy samoch\u00f3d m\u00f3g\u0142 rozwija\u0107 swoj\u0105 histori\u0119 na nowo. https:\/\/www.youtube.com\/watch?v=F6WqUJmnXCk&#038;ab_channel=MechanikWa%C5%82brzych%7CJCB<\/p>","protected":false},"author":1,"featured_media":0,"parent":0,"menu_order":0,"comment_status":"closed","ping_status":"closed","template":"","meta":{"om_disable_all_campaigns":false,"footnotes":""},"class_list":["post-1371","page","type-page","status-publish","hentry"],"_links":{"self":[{"href":"https:\/\/jcbis.pl\/uk\/wp-json\/wp\/v2\/pages\/1371","targetHints":{"allow":["GET"]}}],"collection":[{"href":"https:\/\/jcbis.pl\/uk\/wp-json\/wp\/v2\/pages"}],"about":[{"href":"https:\/\/jcbis.pl\/uk\/wp-json\/wp\/v2\/types\/page"}],"author":[{"embeddable":true,"href":"https:\/\/jcbis.pl\/uk\/wp-json\/wp\/v2\/users\/1"}],"replies":[{"embeddable":true,"href":"https:\/\/jcbis.pl\/uk\/wp-json\/wp\/v2\/comments?post=1371"}],"version-history":[{"count":25,"href":"https:\/\/jcbis.pl\/uk\/wp-json\/wp\/v2\/pages\/1371\/revisions"}],"predecessor-version":[{"id":2063,"href":"https:\/\/jcbis.pl\/uk\/wp-json\/wp\/v2\/pages\/1371\/revisions\/2063"}],"wp:attachment":[{"href":"https:\/\/jcbis.pl\/uk\/wp-json\/wp\/v2\/media?parent=1371"}],"curies":[{"name":"wp","href":"https:\/\/api.w.org\/{rel}","templated":true}]}}