{"id":1296,"date":"2023-08-05T21:38:09","date_gmt":"2023-08-05T19:38:09","guid":{"rendered":"http:\/\/jcbis.pl\/?page_id=1296"},"modified":"2024-02-29T20:02:06","modified_gmt":"2024-02-29T19:02:06","slug":"\u0430\u0432\u0442\u043e\u043c\u0435\u0445\u0430\u043d\u0456\u043a-\u0432\u0430\u043b\u0431\u0436\u0438\u0445","status":"publish","type":"page","link":"https:\/\/jcbis.pl\/uk\/\u0430\u0432\u0442\u043e\u043c\u0435\u0445\u0430\u043d\u0456\u043a-\u0432\u0430\u043b\u0431\u0436\u0438\u0445\/","title":{"rendered":"\u0410\u0432\u0442\u043e\u043c\u0435\u0445\u0430\u043d\u0456\u043a\u0438 \u0412\u0430\u043b\u044c\u0431\u0436\u0438\u0445"},"content":{"rendered":"<div data-elementor-type=\"wp-page\" data-elementor-id=\"1296\" class=\"elementor elementor-1296\" data-elementor-post-type=\"page\">\n\t\t\t\t\t\t<section class=\"elementor-section elementor-top-section elementor-element elementor-element-4e696aad0 elementor-section-height-min-height elementor-section-boxed elementor-section-height-default elementor-section-items-middle wpr-particle-no wpr-jarallax-no wpr-parallax-no wpr-sticky-section-no\" data-id=\"4e696aad0\" data-element_type=\"section\" data-e-type=\"section\" data-settings=\"{&quot;background_background&quot;:&quot;classic&quot;,&quot;shape_divider_bottom&quot;:&quot;tilt&quot;}\">\n\t\t\t\t\t\t\t<div class=\"elementor-background-overlay\"><\/div>\n\t\t\t\t\t\t<div class=\"elementor-shape elementor-shape-bottom\" aria-hidden=\"true\" data-negative=\"false\">\n\t\t\t<svg xmlns=\"http:\/\/www.w3.org\/2000\/svg\" viewbox=\"0 0 1000 100\" preserveaspectratio=\"none\">\n\t<path class=\"elementor-shape-fill\" d=\"M0,6V0h1000v100L0,6z\"\/>\n<\/svg>\t\t<\/div>\n\t\t\t\t\t<div class=\"elementor-container elementor-column-gap-default\">\n\t\t\t\t\t<div class=\"elementor-column elementor-col-100 elementor-top-column elementor-element elementor-element-42cd40f\" data-id=\"42cd40f\" data-element_type=\"column\" data-e-type=\"column\">\n\t\t\t<div class=\"elementor-widget-wrap elementor-element-populated\">\n\t\t\t\t\t\t<div class=\"elementor-element elementor-element-5fd2c069 elementor-widget elementor-widget-heading\" data-id=\"5fd2c069\" data-element_type=\"widget\" data-e-type=\"widget\" data-widget_type=\"heading.default\">\n\t\t\t\t<div class=\"elementor-widget-container\">\n\t\t\t\t\t<h2 class=\"elementor-heading-title elementor-size-default\">\u0410\u0432\u0442\u043e\u043c\u0435\u0445\u0430\u043d\u0456\u043a \u0412\u0430\u043b\u0431\u0436\u0438\u0445<\/h2>\t\t\t\t<\/div>\n\t\t\t\t<\/div>\n\t\t\t\t\t<\/div>\n\t\t<\/div>\n\t\t\t\t\t<\/div>\n\t\t<\/section>\n\t\t\t\t<section class=\"elementor-section elementor-top-section elementor-element elementor-element-30e14dc elementor-section-boxed elementor-section-height-default elementor-section-height-default wpr-particle-no wpr-jarallax-no wpr-parallax-no wpr-sticky-section-no\" data-id=\"30e14dc\" data-element_type=\"section\" data-e-type=\"section\">\n\t\t\t\t\t\t<div class=\"elementor-container elementor-column-gap-default\">\n\t\t\t\t\t<div class=\"elementor-column elementor-col-100 elementor-top-column elementor-element elementor-element-cbb70cc\" data-id=\"cbb70cc\" data-element_type=\"column\" data-e-type=\"column\">\n\t\t\t<div class=\"elementor-widget-wrap elementor-element-populated\">\n\t\t\t\t\t\t<div class=\"elementor-element elementor-element-2d57f81 elementor-widget__width-initial elementor-widget-mobile__width-initial elementor-widget elementor-widget-heading\" data-id=\"2d57f81\" data-element_type=\"widget\" data-e-type=\"widget\" data-widget_type=\"heading.default\">\n\t\t\t\t<div class=\"elementor-widget-container\">\n\t\t\t\t\t<h2 class=\"elementor-heading-title elementor-size-default\">JC BiS: \u043d\u0430\u0439\u043a\u0440\u0430\u0449\u0435 \u043e\u0431\u0441\u043b\u0443\u0433\u043e\u0432\u0443\u0432\u0430\u043d\u043d\u044f \u0430\u0432\u0442\u043e\u043c\u0435\u0445\u0430\u043d\u0456\u043a\u0438 \u0443 \u0412\u0430\u043b\u0431\u0436\u0438\u0445\u0443<\/h2>\t\t\t\t<\/div>\n\t\t\t\t<\/div>\n\t\t\t\t\t<\/div>\n\t\t<\/div>\n\t\t\t\t\t<\/div>\n\t\t<\/section>\n\t\t\t\t<section class=\"elementor-section elementor-top-section elementor-element elementor-element-3e839c8d elementor-section-boxed elementor-section-height-default elementor-section-height-default wpr-particle-no wpr-jarallax-no wpr-parallax-no wpr-sticky-section-no\" data-id=\"3e839c8d\" data-element_type=\"section\" data-e-type=\"section\">\n\t\t\t\t\t\t<div class=\"elementor-container elementor-column-gap-default\">\n\t\t\t\t\t<div class=\"elementor-column elementor-col-100 elementor-top-column elementor-element elementor-element-73055e49\" data-id=\"73055e49\" data-element_type=\"column\" data-e-type=\"column\">\n\t\t\t<div class=\"elementor-widget-wrap elementor-element-populated\">\n\t\t\t\t\t\t<div class=\"elementor-element elementor-element-25543adf elementor-widget__width-initial elementor-widget-mobile__width-initial elementor-widget elementor-widget-text-editor\" data-id=\"25543adf\" data-element_type=\"widget\" data-e-type=\"widget\" data-widget_type=\"text-editor.default\">\n\t\t\t\t<div class=\"elementor-widget-container\">\n\t\t\t\t\t\t\t\t\t<p>\u0410\u0432\u0442\u043e\u043c\u0435\u0445\u0430\u043d\u0456\u043a\u0430 \u0443 Wa\u0142brzych-JC BiS \u2014 \u0446\u0435 \u043c\u0456\u0441\u0446\u0435, \u0434\u0435 \u043f\u043e\u0454\u0434\u043d\u0443\u0454\u0442\u044c\u0441\u044f \u043f\u0440\u0438\u0441\u0442\u0440\u0430\u0441\u0442\u044c \u0434\u043e \u0430\u0432\u0442\u043e\u043c\u043e\u0431\u0456\u043b\u044f \u0442\u0430 \u0434\u043e\u0441\u0432\u0456\u0434, \u0449\u043e\u0431 \u0437\u0430\u0431\u0435\u0437\u043f\u0435\u0447\u0438\u0442\u0438 \u0432\u0430\u0448 \u0430\u0432\u0442\u043e\u043c\u043e\u0431\u0456\u043b\u044c \u043d\u0430\u0439\u043a\u0440\u0430\u0449\u0438\u043c \u0434\u043e\u0433\u043b\u044f\u0434\u043e\u043c. \u041d\u0430\u0448\u0430 \u0441\u043b\u0443\u0436\u0431\u0430 \u0430\u0432\u0442\u043e\u043c\u0435\u0445\u0430\u043d\u0456\u043a\u0438 \u0443 \u0412\u0430\u043b\u0431\u0436\u0438\u0445\u0443 \u043e\u0445\u043e\u043f\u043b\u044e\u0454 \u0448\u0438\u0440\u043e\u043a\u0438\u0439 \u0441\u043f\u0435\u043a\u0442\u0440 \u0440\u0435\u043c\u043e\u043d\u0442\u0443 \u0442\u0430 \u0442\u0435\u0445\u043d\u0456\u0447\u043d\u043e\u0433\u043e \u043e\u0431\u0441\u043b\u0443\u0433\u043e\u0432\u0443\u0432\u0430\u043d\u043d\u044f \u0430\u0432\u0442\u043e\u043c\u043e\u0431\u0456\u043b\u0456\u0432, \u0437\u0430\u0432\u0436\u0434\u0438 \u043f\u0440\u0438\u0434\u0456\u043b\u044f\u044e\u0447\u0438 \u0443\u0432\u0430\u0433\u0443 \u044f\u043a\u043e\u0441\u0442\u0456 \u0442\u0430 \u0434\u0435\u0442\u0430\u043b\u044f\u043c.<\/p>\t\t\t\t\t\t\t\t<\/div>\n\t\t\t\t<\/div>\n\t\t\t\t<div class=\"elementor-element elementor-element-85a4009 elementor-widget__width-initial elementor-widget elementor-widget-heading\" data-id=\"85a4009\" data-element_type=\"widget\" data-e-type=\"widget\" data-widget_type=\"heading.default\">\n\t\t\t\t<div class=\"elementor-widget-container\">\n\t\t\t\t\t<h2 class=\"elementor-heading-title elementor-size-default\">\u041d\u0430\u0448\u0456 \u043f\u043e\u0441\u043b\u0443\u0433\u0438 \u0430\u0432\u0442\u043e\u043c\u0435\u0445\u0430\u043d\u0456\u043a\u0438 \u0432\u043a\u043b\u044e\u0447\u0430\u044e\u0442\u044c:<\/h2>\t\t\t\t<\/div>\n\t\t\t\t<\/div>\n\t\t\t\t<div class=\"elementor-element elementor-element-1993b3c8 wpr-list-style-none elementor-widget elementor-widget-wpr-posts-timeline\" data-id=\"1993b3c8\" data-element_type=\"widget\" data-e-type=\"widget\" data-settings=\"{&quot;animation_offset&quot;:150,&quot;aos_animation_duration&quot;:600}\" data-widget_type=\"wpr-posts-timeline.default\">\n\t\t\t\t<div class=\"elementor-widget-container\">\n\t\t\t\t\t\n\t\t<div class=\"wpr-wrapper wpr-vertical wpr-centered\">\n\t\t\t<div class=\"wpr-timeline-centered wpr-line wpr-both-sided-timeline\"><div class=\"wpr-middle-line\"><\/div><div class=\"wpr-timeline-fill\" data-layout=\"centered\"><\/div><article class=\"wpr-timeline-entry wpr-left-aligned elementor-repeater-item-f94da51\" data-item-id=\"elementor-repeater-item-f94da51\"><div class=\"wpr-timeline-entry-inner\"><div class=\"wpr-main-line-icon wpr-icon\"><\/div><div class=\"wpr-story-info-vertical wpr-data-wrap\"  data-aos=\"fade\" data-aos-left=\"\" data-aos-right=\"\" data-animation-offset=\"150\" data-animation-duration=\"600\"><div class=\"wpr-timeline-content-wrapper\"><div class=\"wpr-content-wrapper\"><div class=\"wpr-title-wrap\"><span class=\"wpr-title\">Diagnostyk\u0119 Komputerow\u0105<\/span><\/div><div class=\"wpr-description\"><p>\u0417\u0430\u0432\u0434\u044f\u043a\u0438 \u043d\u043e\u0432\u0456\u0442\u043d\u0456\u043c \u0434\u0456\u0430\u0433\u043d\u043e\u0441\u0442\u0438\u0447\u043d\u0438\u043c \u0456\u043d\u0441\u0442\u0440\u0443\u043c\u0435\u043d\u0442\u0430\u043c \u0456 \u0432\u0434\u043e\u0441\u043a\u043e\u043d\u0430\u043b\u0435\u043d\u043e\u043c\u0443 \u043f\u0440\u043e\u0433\u0440\u0430\u043c\u043d\u043e\u043c\u0443 \u0437\u0430\u0431\u0435\u0437\u043f\u0435\u0447\u0435\u043d\u043d\u044e \u043c\u0438 \u043c\u043e\u0436\u0435\u043c\u043e \u0442\u043e\u0447\u043d\u043e \u0432\u0438\u044f\u0432\u0438\u0442\u0438 \u043f\u0440\u043e\u0431\u043b\u0435\u043c\u0438 \u0443 \u0432\u0430\u0448\u043e\u043c\u0443 \u0430\u0432\u0442\u043e\u043c\u043e\u0431\u0456\u043b\u0456. \u041d\u0430\u0448\u0430 \u043a\u043e\u043c\u0430\u043d\u0434\u0430 \u0435\u043a\u0441\u043f\u0435\u0440\u0442\u0456\u0432 \u0448\u0432\u0438\u0434\u043a\u043e \u0434\u0456\u0430\u0433\u043d\u043e\u0441\u0442\u0443\u0454 \u043d\u0435\u0441\u043f\u0440\u0430\u0432\u043d\u043e\u0441\u0442\u0456 \u0442\u0430 \u0437\u043d\u0430\u0445\u043e\u0434\u0438\u0442\u044c \u0435\u0444\u0435\u043a\u0442\u0438\u0432\u043d\u0456 \u0440\u0456\u0448\u0435\u043d\u043d\u044f.<\/p><\/div><\/div><\/div><\/div>\n\t\t\t\t\t\t<\/div>\n\t\t\t\t<\/article><article class=\"wpr-timeline-entry wpr-right-aligned elementor-repeater-item-2a37755\" data-item-id=\"elementor-repeater-item-2a37755\"><div class=\"wpr-timeline-entry-inner\"><div class=\"wpr-main-line-icon wpr-icon\"><\/div><div class=\"wpr-story-info-vertical wpr-data-wrap\"  data-aos=\"fade\" data-aos-left=\"\" data-aos-right=\"\" data-animation-offset=\"150\" data-animation-duration=\"600\"><div class=\"wpr-timeline-content-wrapper\"><div class=\"wpr-content-wrapper\"><div class=\"wpr-title-wrap\"><span class=\"wpr-title\">Naprawy Mechaniczne<\/span><\/div><div class=\"wpr-description\"><p>\u041d\u0435\u0437\u0430\u043b\u0435\u0436\u043d\u043e \u0432\u0456\u0434 \u0441\u043a\u043b\u0430\u0434\u043d\u043e\u0441\u0442\u0456 \u043d\u0435\u0441\u043f\u0440\u0430\u0432\u043d\u043e\u0441\u0442\u0456, \u043d\u0430\u0448\u0456 \u0434\u043e\u0441\u0432\u0456\u0434\u0447\u0435\u043d\u0456 \u043c\u0435\u0445\u0430\u043d\u0456\u043a\u0438 \u0432\u043f\u043e\u0440\u0430\u044e\u0442\u044c\u0441\u044f \u0437 \u0431\u0443\u0434\u044c-\u044f\u043a\u0438\u043c \u0432\u0438\u043a\u043b\u0438\u043a\u043e\u043c. \u041c\u0438 \u043f\u0440\u043e\u043f\u043e\u043d\u0443\u0454\u043c\u043e \u043a\u043e\u043c\u043f\u043b\u0435\u043a\u0441\u043d\u0438\u0439 \u0440\u0435\u043c\u043e\u043d\u0442, \u0432\u0456\u0434 \u0433\u0430\u043b\u044c\u043c\u0456\u0432\u043d\u043e\u0457 \u0441\u0438\u0441\u0442\u0435\u043c\u0438 \u0434\u043e \u0434\u0432\u0438\u0433\u0443\u043d\u0430, \u0449\u043e\u0431 \u0432\u0430\u0448 \u0430\u0432\u0442\u043e\u043c\u043e\u0431\u0456\u043b\u044c \u043f\u0440\u0430\u0446\u044e\u0432\u0430\u0432 \u043f\u043b\u0430\u0432\u043d\u043e \u0442\u0430 \u0431\u0435\u0437\u043f\u0435\u0447\u043d\u043e.<\/p><\/div><\/div><\/div><\/div>\n\t\t\t\t\t\t<\/div>\n\t\t\t\t<\/article><article class=\"wpr-timeline-entry wpr-left-aligned elementor-repeater-item-dc77abf\" data-item-id=\"elementor-repeater-item-dc77abf\"><div class=\"wpr-timeline-entry-inner\"><div class=\"wpr-main-line-icon wpr-icon\"><\/div><div class=\"wpr-story-info-vertical wpr-data-wrap\"  data-aos=\"fade\" data-aos-left=\"\" data-aos-right=\"\" data-animation-offset=\"150\" data-animation-duration=\"600\"><div class=\"wpr-timeline-content-wrapper\"><div class=\"wpr-content-wrapper\"><div class=\"wpr-title-wrap\"><span class=\"wpr-title\">Przegl\u0105dy i Konserwacj\u0119<\/span><\/div><div class=\"wpr-description\"><p>\u041c\u0438 \u043f\u0440\u043e\u0432\u043e\u0434\u0438\u043c\u043e \u0440\u0435\u0433\u0443\u043b\u044f\u0440\u043d\u0456 \u043f\u0435\u0440\u0435\u0432\u0456\u0440\u043a\u0438 \u0442\u0430 \u0442\u0435\u0445\u043d\u0456\u0447\u043d\u0435 \u043e\u0431\u0441\u043b\u0443\u0433\u043e\u0432\u0443\u0432\u0430\u043d\u043d\u044f, \u0449\u043e\u0431 \u043f\u0456\u0434\u0442\u0440\u0438\u043c\u0443\u0432\u0430\u0442\u0438 \u0432\u0430\u0448 \u0430\u0432\u0442\u043e\u043c\u043e\u0431\u0456\u043b\u044c \u0443 \u0432\u0456\u0434\u043c\u0456\u043d\u043d\u043e\u043c\u0443 \u0441\u0442\u0430\u043d\u0456. \u041d\u0430\u0448\u0430 \u0443\u0432\u0430\u0433\u0430 \u0434\u043e \u0434\u0435\u0442\u0430\u043b\u0435\u0439 \u0434\u043e\u0437\u0432\u043e\u043b\u044f\u0454 \u043d\u0430\u043c \u0432\u0438\u044f\u0432\u043b\u044f\u0442\u0438 \u0439 \u0443\u0441\u0443\u0432\u0430\u0442\u0438 \u043f\u043e\u0442\u0435\u043d\u0446\u0456\u0439\u043d\u0456 \u043f\u0440\u043e\u0431\u043b\u0435\u043c\u0438 \u0434\u043e \u0442\u043e\u0433\u043e, \u044f\u043a \u0432\u043e\u043d\u0438 \u0441\u0442\u0430\u043d\u0443\u0442\u044c \u0441\u0435\u0440\u0439\u043e\u0437\u043d\u0456\u0448\u0438\u043c\u0438.<\/p><\/div><\/div><\/div><\/div>\n\t\t\t\t\t\t<\/div>\n\t\t\t\t<\/article><article class=\"wpr-timeline-entry wpr-right-aligned elementor-repeater-item-528a050\" data-item-id=\"elementor-repeater-item-528a050\"><div class=\"wpr-timeline-entry-inner\"><div class=\"wpr-main-line-icon wpr-icon\"><\/div><div class=\"wpr-story-info-vertical wpr-data-wrap\"  data-aos=\"fade\" data-aos-left=\"\" data-aos-right=\"\" data-animation-offset=\"150\" data-animation-duration=\"600\"><div class=\"wpr-timeline-content-wrapper\"><div class=\"wpr-content-wrapper\"><div class=\"wpr-title-wrap\"><span class=\"wpr-title\">Wymian\u0119 Cz\u0119\u015bci<\/span><\/div><div class=\"wpr-description\"><p>\u041c\u0438 \u0432\u0438\u043a\u043e\u0440\u0438\u0441\u0442\u043e\u0432\u0443\u0454\u043c\u043e \u0432\u0438\u0441\u043e\u043a\u043e\u044f\u043a\u0456\u0441\u043d\u0456 \u0437\u0430\u043f\u0447\u0430\u0441\u0442\u0438\u043d\u0438 \u0432\u0456\u0434 \u043f\u0435\u0440\u0435\u0432\u0456\u0440\u0435\u043d\u0438\u0445 \u043f\u043e\u0441\u0442\u0430\u0447\u0430\u043b\u044c\u043d\u0438\u043a\u0456\u0432, \u0449\u043e\u0431 \u0437\u0430\u0431\u0435\u0437\u043f\u0435\u0447\u0438\u0442\u0438 \u0434\u043e\u0432\u0433\u043e\u0432\u0456\u0447\u043d\u0456\u0441\u0442\u044c \u0456 \u043d\u0430\u0434\u0456\u0439\u043d\u0456\u0441\u0442\u044c \u0432\u0430\u0448\u043e\u0433\u043e \u0430\u0432\u0442\u043e\u043c\u043e\u0431\u0456\u043b\u044f. \u041c\u0438 \u0437\u0430\u043c\u0456\u043d\u044e\u0454\u043c\u043e \u043f\u043e\u0448\u043a\u043e\u0434\u0436\u0435\u043d\u0456 \u0430\u0431\u043e \u0437\u043d\u043e\u0448\u0435\u043d\u0456 \u0434\u0435\u0442\u0430\u043b\u0456, \u0449\u043e\u0431 \u0432\u0430\u0448 \u0430\u0432\u0442\u043e\u043c\u043e\u0431\u0456\u043b\u044c \u043f\u0440\u0430\u0446\u044e\u0432\u0430\u0432 \u044f\u043a \u043d\u043e\u0432\u0438\u0439.<\/p><\/div><\/div><\/div><\/div>\n\t\t\t\t\t\t<\/div>\n\t\t\t\t<\/article><\/div>    \n\t\t\t<\/div>\t\t\t\t<\/div>\n\t\t\t\t<\/div>\n\t\t\t\t\t<\/div>\n\t\t<\/div>\n\t\t\t\t\t<\/div>\n\t\t<\/section>\n\t\t\t\t<section class=\"elementor-section elementor-top-section elementor-element elementor-element-bbc187f elementor-section-boxed elementor-section-height-default elementor-section-height-default wpr-particle-no wpr-jarallax-no wpr-parallax-no wpr-sticky-section-no\" data-id=\"bbc187f\" data-element_type=\"section\" data-e-type=\"section\">\n\t\t\t\t\t\t<div class=\"elementor-container elementor-column-gap-default\">\n\t\t\t\t\t<div class=\"elementor-column elementor-col-100 elementor-top-column elementor-element elementor-element-e73e23f\" data-id=\"e73e23f\" data-element_type=\"column\" data-e-type=\"column\">\n\t\t\t<div class=\"elementor-widget-wrap elementor-element-populated\">\n\t\t\t\t\t\t<div class=\"elementor-element elementor-element-0d62711 elementor-widget elementor-widget-video\" data-id=\"0d62711\" data-element_type=\"widget\" data-e-type=\"widget\" data-settings=\"{&quot;youtube_url&quot;:&quot;https:\\\/\\\/www.youtube.com\\\/watch?v=QV7sK2216-E&amp;ab_channel=MechanikWa%C5%82brzych%7CJCB&quot;,&quot;video_type&quot;:&quot;youtube&quot;,&quot;controls&quot;:&quot;yes&quot;}\" data-widget_type=\"video.default\">\n\t\t\t\t<div class=\"elementor-widget-container\">\n\t\t\t\t\t\t\t<div class=\"elementor-wrapper elementor-open-inline\">\n\t\t\t<div class=\"elementor-video\"><\/div>\t\t<\/div>\n\t\t\t\t\t\t<\/div>\n\t\t\t\t<\/div>\n\t\t\t\t\t<\/div>\n\t\t<\/div>\n\t\t\t\t\t<\/div>\n\t\t<\/section>\n\t\t\t\t<section class=\"elementor-section elementor-top-section elementor-element elementor-element-dcd1224 elementor-section-boxed elementor-section-height-default elementor-section-height-default wpr-particle-no wpr-jarallax-no wpr-parallax-no wpr-sticky-section-no\" data-id=\"dcd1224\" data-element_type=\"section\" data-e-type=\"section\">\n\t\t\t\t\t\t<div class=\"elementor-container elementor-column-gap-default\">\n\t\t\t\t\t<div class=\"elementor-column elementor-col-100 elementor-top-column elementor-element elementor-element-648c93f\" data-id=\"648c93f\" data-element_type=\"column\" data-e-type=\"column\">\n\t\t\t<div class=\"elementor-widget-wrap elementor-element-populated\">\n\t\t\t\t\t\t<div class=\"elementor-element elementor-element-4882725 elementor-widget elementor-widget-spacer\" data-id=\"4882725\" data-element_type=\"widget\" data-e-type=\"widget\" data-widget_type=\"spacer.default\">\n\t\t\t\t<div class=\"elementor-widget-container\">\n\t\t\t\t\t\t\t<div class=\"elementor-spacer\">\n\t\t\t<div class=\"elementor-spacer-inner\"><\/div>\n\t\t<\/div>\n\t\t\t\t\t\t<\/div>\n\t\t\t\t<\/div>\n\t\t\t\t\t<\/div>\n\t\t<\/div>\n\t\t\t\t\t<\/div>\n\t\t<\/section>\n\t\t\t\t<\/div>","protected":false},"excerpt":{"rendered":"<p>Mechanika samochodowa Wa\u0142brzych JC BiS: Ostateczny Serwis Mechaniki Pojazd\u00f3w w Wa\u0142brzychu Mechanika samochodowa w wa\u0142brzychu-JC BiS to miejsce, gdzie pasja do motoryzacji i do\u015bwiadczenie spotykaj\u0105 si\u0119, aby zapewni\u0107 Twojemu pojazdowi najlepsz\u0105 opiek\u0119. Nasza us\u0142uga Mechaniki Pojazdowej w Wa\u0142brzychu obejmuje szeroki zakres napraw i konserwacji pojazd\u00f3w, zawsze z dba\u0142o\u015bci\u0105 o jako\u015b\u0107 i szczeg\u00f3\u0142y. Nasza us\u0142uga Mechaniki Pojazdowej obejmuje: Diagnostyk\u0119 Komputerow\u0105 Dzi\u0119ki najnowocze\u015bniejszym narz\u0119dziom diagnostycznym i zaawansowanemu oprogramowaniu, jeste\u015bmy w stanie precyzyjnie zlokalizowa\u0107 problemy w Twoim samochodzie. Nasz zesp\u00f3\u0142 ekspert\u00f3w szybko diagnozuje usterki i znajduje skuteczne rozwi\u0105zania. Naprawy Mechaniczne Niezale\u017cnie od skomplikowania usterki, nasi do\u015bwiadczeni mechanicy sprostaj\u0105 ka\u017cdemu wyzwaniu. Oferujemy kompleksowe naprawy, od uk\u0142adu hamulcowego po silnik, aby Tw\u00f3j pojazd dzia\u0142a\u0142 sprawnie i bezpiecznie. Przegl\u0105dy i Konserwacj\u0119 Zapewniamy regularne przegl\u0105dy techniczne i konserwacj\u0119, aby utrzyma\u0107 Tw\u00f3j pojazd w doskona\u0142ym stanie. Nasza dba\u0142o\u015b\u0107 o szczeg\u00f3\u0142y pozwala wykry\u0107 i naprawi\u0107 potencjalne problemy, zanim stan\u0105 si\u0119 powa\u017cniejsze. Wymian\u0119 Cz\u0119\u015bci Korzystamy z wysokiej jako\u015bci cz\u0119\u015bci od zaufanych dostawc\u00f3w, aby zapewni\u0107 trwa\u0142o\u015b\u0107 i niezawodno\u015b\u0107 Twojego pojazdu. Wymieniamy uszkodzone lub zu\u017cyte cz\u0119\u015bci, aby Tw\u00f3j samoch\u00f3d dzia\u0142a\u0142 jak nowy.<\/p>","protected":false},"author":1,"featured_media":0,"parent":0,"menu_order":0,"comment_status":"closed","ping_status":"closed","template":"","meta":{"om_disable_all_campaigns":false,"footnotes":""},"class_list":["post-1296","page","type-page","status-publish","hentry"],"_links":{"self":[{"href":"https:\/\/jcbis.pl\/uk\/wp-json\/wp\/v2\/pages\/1296","targetHints":{"allow":["GET"]}}],"collection":[{"href":"https:\/\/jcbis.pl\/uk\/wp-json\/wp\/v2\/pages"}],"about":[{"href":"https:\/\/jcbis.pl\/uk\/wp-json\/wp\/v2\/types\/page"}],"author":[{"embeddable":true,"href":"https:\/\/jcbis.pl\/uk\/wp-json\/wp\/v2\/users\/1"}],"replies":[{"embeddable":true,"href":"https:\/\/jcbis.pl\/uk\/wp-json\/wp\/v2\/comments?post=1296"}],"version-history":[{"count":80,"href":"https:\/\/jcbis.pl\/uk\/wp-json\/wp\/v2\/pages\/1296\/revisions"}],"predecessor-version":[{"id":2054,"href":"https:\/\/jcbis.pl\/uk\/wp-json\/wp\/v2\/pages\/1296\/revisions\/2054"}],"wp:attachment":[{"href":"https:\/\/jcbis.pl\/uk\/wp-json\/wp\/v2\/media?parent=1296"}],"curies":[{"name":"wp","href":"https:\/\/api.w.org\/{rel}","templated":true}]}}