{"id":1376,"date":"2023-08-06T10:10:47","date_gmt":"2023-08-06T08:10:47","guid":{"rendered":"http:\/\/jcbis.pl\/?page_id=1376"},"modified":"2024-02-29T20:13:06","modified_gmt":"2024-02-29T19:13:06","slug":"reparatii-auto-clasice-walbrzych","status":"publish","type":"page","link":"https:\/\/jcbis.pl\/ro\/reparatii-auto-clasice-walbrzych\/","title":{"rendered":"Repara\u021bii ma\u0219ini clasice Walbrzych"},"content":{"rendered":"<div data-elementor-type=\"wp-page\" data-elementor-id=\"1376\" class=\"elementor elementor-1376\" data-elementor-post-type=\"page\">\n\t\t\t\t\t\t<section class=\"elementor-section elementor-top-section elementor-element elementor-element-4e696aad0 elementor-section-height-min-height elementor-section-boxed elementor-section-height-default elementor-section-items-middle wpr-particle-no wpr-jarallax-no wpr-parallax-no wpr-sticky-section-no\" data-id=\"4e696aad0\" data-element_type=\"section\" data-e-type=\"section\" data-settings=\"{&quot;background_background&quot;:&quot;classic&quot;,&quot;shape_divider_bottom&quot;:&quot;tilt&quot;}\">\n\t\t\t\t\t\t\t<div class=\"elementor-background-overlay\"><\/div>\n\t\t\t\t\t\t<div class=\"elementor-shape elementor-shape-bottom\" aria-hidden=\"true\" data-negative=\"false\">\n\t\t\t<svg xmlns=\"http:\/\/www.w3.org\/2000\/svg\" viewbox=\"0 0 1000 100\" preserveaspectratio=\"none\">\n\t<path class=\"elementor-shape-fill\" d=\"M0,6V0h1000v100L0,6z\"\/>\n<\/svg>\t\t<\/div>\n\t\t\t\t\t<div class=\"elementor-container elementor-column-gap-default\">\n\t\t\t\t\t<div class=\"elementor-column elementor-col-100 elementor-top-column elementor-element elementor-element-42cd40f\" data-id=\"42cd40f\" data-element_type=\"column\" data-e-type=\"column\">\n\t\t\t<div class=\"elementor-widget-wrap elementor-element-populated\">\n\t\t\t\t\t\t<div class=\"elementor-element elementor-element-5fd2c069 elementor-widget elementor-widget-heading\" data-id=\"5fd2c069\" data-element_type=\"widget\" data-e-type=\"widget\" data-widget_type=\"heading.default\">\n\t\t\t\t<div class=\"elementor-widget-container\">\n\t\t\t\t\t<h2 class=\"elementor-heading-title elementor-size-default\">Repara\u021bii ma\u0219ini clasice Walbrzych<\/h2>\t\t\t\t<\/div>\n\t\t\t\t<\/div>\n\t\t\t\t\t<\/div>\n\t\t<\/div>\n\t\t\t\t\t<\/div>\n\t\t<\/section>\n\t\t\t\t<section class=\"elementor-section elementor-top-section elementor-element elementor-element-30e14dc elementor-section-boxed elementor-section-height-default elementor-section-height-default wpr-particle-no wpr-jarallax-no wpr-parallax-no wpr-sticky-section-no\" data-id=\"30e14dc\" data-element_type=\"section\" data-e-type=\"section\">\n\t\t\t\t\t\t<div class=\"elementor-container elementor-column-gap-default\">\n\t\t\t\t\t<div class=\"elementor-column elementor-col-100 elementor-top-column elementor-element elementor-element-cbb70cc\" data-id=\"cbb70cc\" data-element_type=\"column\" data-e-type=\"column\">\n\t\t\t<div class=\"elementor-widget-wrap elementor-element-populated\">\n\t\t\t\t\t\t<div class=\"elementor-element elementor-element-2d57f81 elementor-widget__width-initial elementor-widget-mobile__width-initial elementor-widget elementor-widget-heading\" data-id=\"2d57f81\" data-element_type=\"widget\" data-e-type=\"widget\" data-widget_type=\"heading.default\">\n\t\t\t\t<div class=\"elementor-widget-container\">\n\t\t\t\t\t<h2 class=\"elementor-heading-title elementor-size-default\">JC BiS: repararea \u0219i renovarea ma\u0219inilor clasice<\/h2>\t\t\t\t<\/div>\n\t\t\t\t<\/div>\n\t\t\t\t<div class=\"elementor-element elementor-element-25543adf elementor-widget__width-initial elementor-widget-mobile__width-initial elementor-widget elementor-widget-text-editor\" data-id=\"25543adf\" data-element_type=\"widget\" data-e-type=\"widget\" data-widget_type=\"text-editor.default\">\n\t\t\t\t<div class=\"elementor-widget-container\">\n\t\t\t\t\t\t\t\t\t<p>Repararea \u0219i restaurarea ma\u0219inilor clasice \u00een Wa\u0142brzych \u2013 Dac\u0103 de\u021bine\u021bi sau iubi\u021bi ma\u0219ini clasice, serviciul nostru de repara\u021bii auto clasice a fost creat cu g\u00e2ndul la dvs. Echipa noastr\u0103 experimentat\u0103 de entuzia\u0219ti de automobile are o dragoste profund\u0103 pentru ma\u0219inile de epoc\u0103 \u0219i aten\u021bie la fiecare detaliu. Oferim repara\u021bii \u0219i restaurari complete pentru a ne asigura c\u0103 ma\u0219ina dumneavoastr\u0103 clasic\u0103 \u00ee\u0219i p\u0103streaz\u0103 str\u0103lucirea de odinioar\u0103.<\/p>\t\t\t\t\t\t\t\t<\/div>\n\t\t\t\t<\/div>\n\t\t\t\t\t<\/div>\n\t\t<\/div>\n\t\t\t\t\t<\/div>\n\t\t<\/section>\n\t\t\t\t<section class=\"elementor-section elementor-top-section elementor-element elementor-element-3e839c8d elementor-section-boxed elementor-section-height-default elementor-section-height-default wpr-particle-no wpr-jarallax-no wpr-parallax-no wpr-sticky-section-no\" data-id=\"3e839c8d\" data-element_type=\"section\" data-e-type=\"section\">\n\t\t\t\t\t\t<div class=\"elementor-container elementor-column-gap-default\">\n\t\t\t\t\t<div class=\"elementor-column elementor-col-100 elementor-top-column elementor-element elementor-element-73055e49\" data-id=\"73055e49\" data-element_type=\"column\" data-e-type=\"column\">\n\t\t\t<div class=\"elementor-widget-wrap elementor-element-populated\">\n\t\t\t\t\t\t<div class=\"elementor-element elementor-element-85a4009 elementor-widget__width-initial elementor-widget elementor-widget-heading\" data-id=\"85a4009\" data-element_type=\"widget\" data-e-type=\"widget\" data-widget_type=\"heading.default\">\n\t\t\t\t<div class=\"elementor-widget-container\">\n\t\t\t\t\t<h2 class=\"elementor-heading-title elementor-size-default\">Serviciul nostru de repara\u021bii auto clasice include:<\/h2>\t\t\t\t<\/div>\n\t\t\t\t<\/div>\n\t\t\t\t<div class=\"elementor-element elementor-element-1993b3c8 wpr-list-style-none elementor-widget elementor-widget-wpr-posts-timeline\" data-id=\"1993b3c8\" data-element_type=\"widget\" data-e-type=\"widget\" data-settings=\"{&quot;animation_offset&quot;:150,&quot;aos_animation_duration&quot;:600}\" data-widget_type=\"wpr-posts-timeline.default\">\n\t\t\t\t<div class=\"elementor-widget-container\">\n\t\t\t\t\t\n\t\t<div class=\"wpr-wrapper wpr-vertical wpr-centered\">\n\t\t\t<div class=\"wpr-timeline-centered wpr-line wpr-both-sided-timeline\"><div class=\"wpr-middle-line\"><\/div><div class=\"wpr-timeline-fill\" data-layout=\"centered\"><\/div><article class=\"wpr-timeline-entry wpr-left-aligned elementor-repeater-item-f94da51\" data-item-id=\"elementor-repeater-item-f94da51\"><div class=\"wpr-timeline-entry-inner\"><div class=\"wpr-main-line-icon wpr-icon\"><\/div><div class=\"wpr-story-info-vertical wpr-data-wrap\"  data-aos=\"fade\" data-aos-left=\"\" data-aos-right=\"\" data-animation-offset=\"150\" data-animation-duration=\"600\"><div class=\"wpr-timeline-content-wrapper\"><div class=\"wpr-content-wrapper\"><div class=\"wpr-title-wrap\"><span class=\"wpr-title\"> Diagnostyk\u0119 i Oceny<\/span><\/div><div class=\"wpr-description\"><p>\u00cencepem cu o diagnosticare am\u0103nun\u021bit\u0103 a ma\u0219inii dvs. pentru a identifica repara\u021biile necesare \u0219i pentru a determina domeniul de activitate. Echipa noastr\u0103 v\u0103 va ajuta s\u0103 \u00een\u021belege\u021bi toate ac\u021biunile necesare \u0219i s\u0103 v\u0103 prezenta\u021bi cele mai bune solu\u021bii.<\/p><\/div><\/div><\/div><\/div>\n\t\t\t\t\t\t<\/div>\n\t\t\t\t<\/article><article class=\"wpr-timeline-entry wpr-right-aligned elementor-repeater-item-2a37755\" data-item-id=\"elementor-repeater-item-2a37755\"><div class=\"wpr-timeline-entry-inner\"><div class=\"wpr-main-line-icon wpr-icon\"><\/div><div class=\"wpr-story-info-vertical wpr-data-wrap\"  data-aos=\"fade\" data-aos-left=\"\" data-aos-right=\"\" data-animation-offset=\"150\" data-animation-duration=\"600\"><div class=\"wpr-timeline-content-wrapper\"><div class=\"wpr-content-wrapper\"><div class=\"wpr-title-wrap\"><span class=\"wpr-title\">Restauracje i Naprawy<\/span><\/div><div class=\"wpr-description\"><p>De la reconstruc\u021bia caroseriei p\u00e2n\u0103 la renovarea interioar\u0103 complet\u0103, speciali\u0219tii no\u0219tri lucreaz\u0103 cu cea mai mare precizie \u0219i pasiune. Datorit\u0103 acestui fapt, ma\u0219ina dvs. clasic\u0103 \u00ee\u0219i recap\u0103t\u0103 frumuse\u021bea original\u0103.<\/p><\/div><\/div><\/div><\/div>\n\t\t\t\t\t\t<\/div>\n\t\t\t\t<\/article><article class=\"wpr-timeline-entry wpr-left-aligned elementor-repeater-item-dc77abf\" data-item-id=\"elementor-repeater-item-dc77abf\"><div class=\"wpr-timeline-entry-inner\"><div class=\"wpr-main-line-icon wpr-icon\"><\/div><div class=\"wpr-story-info-vertical wpr-data-wrap\"  data-aos=\"fade\" data-aos-left=\"\" data-aos-right=\"\" data-animation-offset=\"150\" data-animation-duration=\"600\"><div class=\"wpr-timeline-content-wrapper\"><div class=\"wpr-content-wrapper\"><div class=\"wpr-title-wrap\"><span class=\"wpr-title\">Wymian\u0119 Cz\u0119\u015bci<\/span><\/div><div class=\"wpr-description\"><p>Dac\u0103 sunt necesare piese noi, folosim componente autentice sau \u00eenlocuitori de calitate atent selectate pentru a men\u021bine autenticitatea \u0219i valoarea vehiculului dumneavoastr\u0103.<\/p><\/div><\/div><\/div><\/div>\n\t\t\t\t\t\t<\/div>\n\t\t\t\t<\/article><\/div>    \n\t\t\t<\/div>\t\t\t\t<\/div>\n\t\t\t\t<\/div>\n\t\t\t\t\t<\/div>\n\t\t<\/div>\n\t\t\t\t\t<\/div>\n\t\t<\/section>\n\t\t\t\t<section class=\"elementor-section elementor-top-section elementor-element elementor-element-190bd14 elementor-section-boxed elementor-section-height-default elementor-section-height-default wpr-particle-no wpr-jarallax-no wpr-parallax-no wpr-sticky-section-no\" data-id=\"190bd14\" data-element_type=\"section\" data-e-type=\"section\">\n\t\t\t\t\t\t<div class=\"elementor-container elementor-column-gap-default\">\n\t\t\t\t\t<div class=\"elementor-column elementor-col-100 elementor-top-column elementor-element elementor-element-1b518fc\" data-id=\"1b518fc\" data-element_type=\"column\" data-e-type=\"column\">\n\t\t\t<div class=\"elementor-widget-wrap elementor-element-populated\">\n\t\t\t\t\t\t<div class=\"elementor-element elementor-element-a7dece4 elementor-widget__width-initial elementor-widget-mobile__width-initial elementor-widget elementor-widget-text-editor\" data-id=\"a7dece4\" data-element_type=\"widget\" data-e-type=\"widget\" data-widget_type=\"text-editor.default\">\n\t\t\t\t<div class=\"elementor-widget-container\">\n\t\t\t\t\t\t\t\t\t<p>Echipa noastr\u0103 este dedicat\u0103 reproducerii detaliilor originale \u0219i caracteristicilor distinctive ale ma\u0219inii dumneavoastr\u0103 clasice. Oferim \u00eengrijire dedicat\u0103, astfel \u00eenc\u00e2t ma\u0219ina dumneavoastr\u0103 clasic\u0103 s\u0103 \u00ee\u0219i poat\u0103 dezvolta din nou istoria.<\/p>\t\t\t\t\t\t\t\t<\/div>\n\t\t\t\t<\/div>\n\t\t\t\t\t<\/div>\n\t\t<\/div>\n\t\t\t\t\t<\/div>\n\t\t<\/section>\n\t\t\t\t<section class=\"elementor-section elementor-top-section elementor-element elementor-element-3351265 elementor-section-boxed elementor-section-height-default elementor-section-height-default wpr-particle-no wpr-jarallax-no wpr-parallax-no wpr-sticky-section-no\" data-id=\"3351265\" data-element_type=\"section\" data-e-type=\"section\">\n\t\t\t\t\t\t<div class=\"elementor-container elementor-column-gap-default\">\n\t\t\t\t\t<div class=\"elementor-column elementor-col-100 elementor-top-column elementor-element elementor-element-6b8100c\" data-id=\"6b8100c\" data-element_type=\"column\" data-e-type=\"column\">\n\t\t\t<div class=\"elementor-widget-wrap elementor-element-populated\">\n\t\t\t\t\t\t<div class=\"elementor-element elementor-element-37575c4 elementor-widget elementor-widget-video\" data-id=\"37575c4\" data-element_type=\"widget\" data-e-type=\"widget\" data-settings=\"{&quot;youtube_url&quot;:&quot;https:\\\/\\\/www.youtube.com\\\/watch?v=f-vQfZ9UAJM&amp;ab_channel=MechanikWa%C5%82brzych%7CJCB&quot;,&quot;video_type&quot;:&quot;youtube&quot;,&quot;controls&quot;:&quot;yes&quot;}\" data-widget_type=\"video.default\">\n\t\t\t\t<div class=\"elementor-widget-container\">\n\t\t\t\t\t\t\t<div class=\"elementor-wrapper elementor-open-inline\">\n\t\t\t<div class=\"elementor-video\"><\/div>\t\t<\/div>\n\t\t\t\t\t\t<\/div>\n\t\t\t\t<\/div>\n\t\t\t\t\t<\/div>\n\t\t<\/div>\n\t\t\t\t\t<\/div>\n\t\t<\/section>\n\t\t\t\t<section class=\"elementor-section elementor-top-section elementor-element elementor-element-f2a2594 elementor-section-boxed elementor-section-height-default elementor-section-height-default wpr-particle-no wpr-jarallax-no wpr-parallax-no wpr-sticky-section-no\" data-id=\"f2a2594\" data-element_type=\"section\" data-e-type=\"section\">\n\t\t\t\t\t\t<div class=\"elementor-container elementor-column-gap-default\">\n\t\t\t\t\t<div class=\"elementor-column elementor-col-100 elementor-top-column elementor-element elementor-element-a48ab7f\" data-id=\"a48ab7f\" data-element_type=\"column\" data-e-type=\"column\">\n\t\t\t<div class=\"elementor-widget-wrap elementor-element-populated\">\n\t\t\t\t\t\t<div class=\"elementor-element elementor-element-5b64ddd elementor-widget elementor-widget-spacer\" data-id=\"5b64ddd\" data-element_type=\"widget\" data-e-type=\"widget\" data-widget_type=\"spacer.default\">\n\t\t\t\t<div class=\"elementor-widget-container\">\n\t\t\t\t\t\t\t<div class=\"elementor-spacer\">\n\t\t\t<div class=\"elementor-spacer-inner\"><\/div>\n\t\t<\/div>\n\t\t\t\t\t\t<\/div>\n\t\t\t\t<\/div>\n\t\t\t\t\t<\/div>\n\t\t<\/div>\n\t\t\t\t\t<\/div>\n\t\t<\/section>\n\t\t\t\t<\/div>","protected":false},"excerpt":{"rendered":"<p>Naprawa Samochod\u00f3w Klasycznych Wa\u0142brzych JC BiS: naprawa i renowacja klasycznych aut Naprawa i Renowacja samochod\u00f3w zabytkowych w Wa\u0142brzych &#8211; Je\u015bli posiadasz lub kochasz klasyczne samochody, nasza us\u0142uga Naprawy Samochod\u00f3w Klasycznych zosta\u0142a stworzona z my\u015bl\u0105 o Tobie. Nasz do\u015bwiadczony zesp\u00f3\u0142 pasjonat\u00f3w motoryzacji ma g\u0142\u0119bok\u0105 mi\u0142o\u015b\u0107 do samochod\u00f3w zabytkowych i dba\u0142o\u015b\u0107 o ka\u017cdy szczeg\u00f3\u0142. Oferujemy kompleksow\u0105 napraw\u0119 i restauracj\u0119, aby Twoje klasyczne auto zachowa\u0142o sw\u00f3j dawny blask. Nasza us\u0142uga Naprawy Samochod\u00f3w Klasycznych obejmuje: Diagnostyk\u0119 i Oceny Rozpoczynamy od dok\u0142adnej diagnostyki Twojego samochodu, aby zidentyfikowa\u0107 wymagane naprawy i ustali\u0107 zakres prac. Nasz zesp\u00f3\u0142 pomo\u017ce Ci zrozumie\u0107 wszystkie potrzebne dzia\u0142ania i przedstawi najlepsze rozwi\u0105zania. Restauracje i Naprawy Od odbudowy nadwozia po kompleksowe odnowienie wn\u0119trza, nasi specjali\u015bci pracuj\u0105 z najwi\u0119ksz\u0105 precyzj\u0105 i pasj\u0105. Dzi\u0119ki temu Tw\u00f3j klasyczny samoch\u00f3d odzyskuje swoje pierwotne pi\u0119kno. Wymian\u0119 Cz\u0119\u015bci Je\u015bli potrzebne s\u0105 nowe cz\u0119\u015bci, korzystamy z autentycznych podzespo\u0142\u00f3w lub starannie dobranej jako\u015bci zamiennik\u00f3w, aby zachowa\u0107 autentyczno\u015b\u0107 i warto\u015b\u0107 Twojego pojazdu. Nasz zesp\u00f3\u0142 jest oddany w odtwarzaniu oryginalnych detali i charakterystycznych cech Twojego samochodu klasycznego. Oferujemy dedykowan\u0105 opiek\u0119, aby Tw\u00f3j zabytkowy samoch\u00f3d m\u00f3g\u0142 rozwija\u0107 swoj\u0105 histori\u0119 na nowo. https:\/\/www.youtube.com\/watch?v=f-vQfZ9UAJM&#038;ab_channel=MechanikWa%C5%82brzych%7CJCB<\/p>","protected":false},"author":1,"featured_media":0,"parent":0,"menu_order":0,"comment_status":"closed","ping_status":"closed","template":"","meta":{"om_disable_all_campaigns":false,"footnotes":""},"class_list":["post-1376","page","type-page","status-publish","hentry"],"_links":{"self":[{"href":"https:\/\/jcbis.pl\/ro\/wp-json\/wp\/v2\/pages\/1376","targetHints":{"allow":["GET"]}}],"collection":[{"href":"https:\/\/jcbis.pl\/ro\/wp-json\/wp\/v2\/pages"}],"about":[{"href":"https:\/\/jcbis.pl\/ro\/wp-json\/wp\/v2\/types\/page"}],"author":[{"embeddable":true,"href":"https:\/\/jcbis.pl\/ro\/wp-json\/wp\/v2\/users\/1"}],"replies":[{"embeddable":true,"href":"https:\/\/jcbis.pl\/ro\/wp-json\/wp\/v2\/comments?post=1376"}],"version-history":[{"count":19,"href":"https:\/\/jcbis.pl\/ro\/wp-json\/wp\/v2\/pages\/1376\/revisions"}],"predecessor-version":[{"id":2057,"href":"https:\/\/jcbis.pl\/ro\/wp-json\/wp\/v2\/pages\/1376\/revisions\/2057"}],"wp:attachment":[{"href":"https:\/\/jcbis.pl\/ro\/wp-json\/wp\/v2\/media?parent=1376"}],"curies":[{"name":"wp","href":"https:\/\/api.w.org\/{rel}","templated":true}]}}