{"id":1366,"date":"2023-08-06T09:52:33","date_gmt":"2023-08-06T07:52:33","guid":{"rendered":"http:\/\/jcbis.pl\/?page_id=1366"},"modified":"2024-02-29T20:19:44","modified_gmt":"2024-02-29T19:19:44","slug":"getriebereparatur-walbrzych","status":"publish","type":"page","link":"https:\/\/jcbis.pl\/de\/getriebereparatur-walbrzych\/","title":{"rendered":"Reparatur von Getrieben Walbrzych"},"content":{"rendered":"<div data-elementor-type=\"wp-page\" data-elementor-id=\"1366\" class=\"elementor elementor-1366\" data-elementor-post-type=\"page\">\n\t\t\t\t\t\t<section class=\"elementor-section elementor-top-section elementor-element elementor-element-4e696aad0 elementor-section-height-min-height elementor-section-boxed elementor-section-height-default elementor-section-items-middle wpr-particle-no wpr-jarallax-no wpr-parallax-no wpr-sticky-section-no\" data-id=\"4e696aad0\" data-element_type=\"section\" data-e-type=\"section\" data-settings=\"{&quot;background_background&quot;:&quot;classic&quot;,&quot;shape_divider_bottom&quot;:&quot;tilt&quot;}\">\n\t\t\t\t\t\t\t<div class=\"elementor-background-overlay\"><\/div>\n\t\t\t\t\t\t<div class=\"elementor-shape elementor-shape-bottom\" aria-hidden=\"true\" data-negative=\"false\">\n\t\t\t<svg xmlns=\"http:\/\/www.w3.org\/2000\/svg\" viewbox=\"0 0 1000 100\" preserveaspectratio=\"none\">\n\t<path class=\"elementor-shape-fill\" d=\"M0,6V0h1000v100L0,6z\"\/>\n<\/svg>\t\t<\/div>\n\t\t\t\t\t<div class=\"elementor-container elementor-column-gap-default\">\n\t\t\t\t\t<div class=\"elementor-column elementor-col-100 elementor-top-column elementor-element elementor-element-42cd40f\" data-id=\"42cd40f\" data-element_type=\"column\" data-e-type=\"column\">\n\t\t\t<div class=\"elementor-widget-wrap elementor-element-populated\">\n\t\t\t\t\t\t<div class=\"elementor-element elementor-element-5fd2c069 elementor-widget elementor-widget-heading\" data-id=\"5fd2c069\" data-element_type=\"widget\" data-e-type=\"widget\" data-widget_type=\"heading.default\">\n\t\t\t\t<div class=\"elementor-widget-container\">\n\t\t\t\t\t<h2 class=\"elementor-heading-title elementor-size-default\">Reparatur von Getrieben Walbrzych<\/h2>\t\t\t\t<\/div>\n\t\t\t\t<\/div>\n\t\t\t\t\t<\/div>\n\t\t<\/div>\n\t\t\t\t\t<\/div>\n\t\t<\/section>\n\t\t\t\t<section class=\"elementor-section elementor-top-section elementor-element elementor-element-30e14dc elementor-section-boxed elementor-section-height-default elementor-section-height-default wpr-particle-no wpr-jarallax-no wpr-parallax-no wpr-sticky-section-no\" data-id=\"30e14dc\" data-element_type=\"section\" data-e-type=\"section\">\n\t\t\t\t\t\t<div class=\"elementor-container elementor-column-gap-default\">\n\t\t\t\t\t<div class=\"elementor-column elementor-col-100 elementor-top-column elementor-element elementor-element-cbb70cc\" data-id=\"cbb70cc\" data-element_type=\"column\" data-e-type=\"column\">\n\t\t\t<div class=\"elementor-widget-wrap elementor-element-populated\">\n\t\t\t\t\t\t<div class=\"elementor-element elementor-element-2d57f81 elementor-widget__width-initial elementor-widget-mobile__width-initial elementor-widget elementor-widget-heading\" data-id=\"2d57f81\" data-element_type=\"widget\" data-e-type=\"widget\" data-widget_type=\"heading.default\">\n\t\t\t\t<div class=\"elementor-widget-container\">\n\t\t\t\t\t<h2 class=\"elementor-heading-title elementor-size-default\">Getriebereparatur bei JC BiS \u2013 Service f\u00fcr jeden Fahrzeugtyp<\/h2>\t\t\t\t<\/div>\n\t\t\t\t<\/div>\n\t\t\t\t<div class=\"elementor-element elementor-element-25543adf elementor-widget__width-initial elementor-widget-mobile__width-initial elementor-widget elementor-widget-text-editor\" data-id=\"25543adf\" data-element_type=\"widget\" data-e-type=\"widget\" data-widget_type=\"text-editor.default\">\n\t\t\t\t<div class=\"elementor-widget-container\">\n\t\t\t\t\t\t\t\t\t<p>Getriebereparatur in Wa\u0142brzych \u2013 Das Getriebe ist eines der wichtigsten Elemente jedes Fahrzeugs und beeinflusst dessen Effizienz, Laufruhe und Kraftstoffverbrauch. Unser erfahrenes Mechanikerteam ist auf die Reparatur verschiedener Getriebetypen spezialisiert, von Schaltgetrieben bis hin zu Automatikgetrieben.<\/p>\t\t\t\t\t\t\t\t<\/div>\n\t\t\t\t<\/div>\n\t\t\t\t\t<\/div>\n\t\t<\/div>\n\t\t\t\t\t<\/div>\n\t\t<\/section>\n\t\t\t\t<section class=\"elementor-section elementor-top-section elementor-element elementor-element-3e839c8d elementor-section-boxed elementor-section-height-default elementor-section-height-default wpr-particle-no wpr-jarallax-no wpr-parallax-no wpr-sticky-section-no\" data-id=\"3e839c8d\" data-element_type=\"section\" data-e-type=\"section\">\n\t\t\t\t\t\t<div class=\"elementor-container elementor-column-gap-default\">\n\t\t\t\t\t<div class=\"elementor-column elementor-col-100 elementor-top-column elementor-element elementor-element-73055e49\" data-id=\"73055e49\" data-element_type=\"column\" data-e-type=\"column\">\n\t\t\t<div class=\"elementor-widget-wrap elementor-element-populated\">\n\t\t\t\t\t\t<div class=\"elementor-element elementor-element-85a4009 elementor-widget__width-initial elementor-widget elementor-widget-heading\" data-id=\"85a4009\" data-element_type=\"widget\" data-e-type=\"widget\" data-widget_type=\"heading.default\">\n\t\t\t\t<div class=\"elementor-widget-container\">\n\t\t\t\t\t<h2 class=\"elementor-heading-title elementor-size-default\">Unser Getriebereparaturservice umfasst:<\/h2>\t\t\t\t<\/div>\n\t\t\t\t<\/div>\n\t\t\t\t<div class=\"elementor-element elementor-element-1993b3c8 wpr-list-style-none elementor-widget elementor-widget-wpr-posts-timeline\" data-id=\"1993b3c8\" data-element_type=\"widget\" data-e-type=\"widget\" data-settings=\"{&quot;animation_offset&quot;:150,&quot;aos_animation_duration&quot;:600}\" data-widget_type=\"wpr-posts-timeline.default\">\n\t\t\t\t<div class=\"elementor-widget-container\">\n\t\t\t\t\t\n\t\t<div class=\"wpr-wrapper wpr-vertical wpr-centered\">\n\t\t\t<div class=\"wpr-timeline-centered wpr-line wpr-both-sided-timeline\"><div class=\"wpr-middle-line\"><\/div><div class=\"wpr-timeline-fill\" data-layout=\"centered\"><\/div><article class=\"wpr-timeline-entry wpr-left-aligned elementor-repeater-item-f94da51\" data-item-id=\"elementor-repeater-item-f94da51\"><div class=\"wpr-timeline-entry-inner\"><div class=\"wpr-main-line-icon wpr-icon\"><\/div><div class=\"wpr-story-info-vertical wpr-data-wrap\"  data-aos=\"fade\" data-aos-left=\"\" data-aos-right=\"\" data-animation-offset=\"150\" data-animation-duration=\"600\"><div class=\"wpr-timeline-content-wrapper\"><div class=\"wpr-content-wrapper\"><div class=\"wpr-title-wrap\"><span class=\"wpr-title\">Diagnostyk\u0119 i Oceny<\/span><\/div><div class=\"wpr-description\"><p>Wir beginnen mit einer gr\u00fcndlichen Getriebediagnose, um das Problem zu identifizieren und den Reparaturumfang festzulegen. Unsere Experten beurteilen den Zustand der Box, um eine entsprechende Reparaturplanung zu erm\u00f6glichen.<\/p><\/div><\/div><\/div><\/div>\n\t\t\t\t\t\t<\/div>\n\t\t\t\t<\/article><article class=\"wpr-timeline-entry wpr-right-aligned elementor-repeater-item-2a37755\" data-item-id=\"elementor-repeater-item-2a37755\"><div class=\"wpr-timeline-entry-inner\"><div class=\"wpr-main-line-icon wpr-icon\"><\/div><div class=\"wpr-story-info-vertical wpr-data-wrap\"  data-aos=\"fade\" data-aos-left=\"\" data-aos-right=\"\" data-animation-offset=\"150\" data-animation-duration=\"600\"><div class=\"wpr-timeline-content-wrapper\"><div class=\"wpr-content-wrapper\"><div class=\"wpr-title-wrap\"><span class=\"wpr-title\">Naprawy i Regeneracj\u0119<\/span><\/div><div class=\"wpr-description\"><p>Unabh\u00e4ngig von der Art des Fehlers repariert unser Team Ihr Getriebe effektiv. Wir nutzen die neuesten Technologien und Werkzeuge, um professionelle und langlebige L\u00f6sungen bereitzustellen.<\/p><\/div><\/div><\/div><\/div>\n\t\t\t\t\t\t<\/div>\n\t\t\t\t<\/article><article class=\"wpr-timeline-entry wpr-left-aligned elementor-repeater-item-dc77abf\" data-item-id=\"elementor-repeater-item-dc77abf\"><div class=\"wpr-timeline-entry-inner\"><div class=\"wpr-main-line-icon wpr-icon\"><\/div><div class=\"wpr-story-info-vertical wpr-data-wrap\"  data-aos=\"fade\" data-aos-left=\"\" data-aos-right=\"\" data-animation-offset=\"150\" data-animation-duration=\"600\"><div class=\"wpr-timeline-content-wrapper\"><div class=\"wpr-content-wrapper\"><div class=\"wpr-title-wrap\"><span class=\"wpr-title\">Wymian\u0119 Cz\u0119\u015bci<\/span><\/div><div class=\"wpr-description\"><p>Ist der Austausch besch\u00e4digter oder verschlissener Teile erforderlich, verwenden wir hochwertige Komponenten vertrauensw\u00fcrdiger Lieferanten. Die Beachtung der Qualit\u00e4t gew\u00e4hrleistet die Haltbarkeit der Reparatur.<\/p><\/div><\/div><\/div><\/div>\n\t\t\t\t\t\t<\/div>\n\t\t\t\t<\/article><\/div>    \n\t\t\t<\/div>\t\t\t\t<\/div>\n\t\t\t\t<\/div>\n\t\t\t\t\t<\/div>\n\t\t<\/div>\n\t\t\t\t\t<\/div>\n\t\t<\/section>\n\t\t\t\t<section class=\"elementor-section elementor-top-section elementor-element elementor-element-190bd14 elementor-section-boxed elementor-section-height-default elementor-section-height-default wpr-particle-no wpr-jarallax-no wpr-parallax-no wpr-sticky-section-no\" data-id=\"190bd14\" data-element_type=\"section\" data-e-type=\"section\">\n\t\t\t\t\t\t<div class=\"elementor-container elementor-column-gap-default\">\n\t\t\t\t\t<div class=\"elementor-column elementor-col-100 elementor-top-column elementor-element elementor-element-1b518fc\" data-id=\"1b518fc\" data-element_type=\"column\" data-e-type=\"column\">\n\t\t\t<div class=\"elementor-widget-wrap elementor-element-populated\">\n\t\t\t\t\t\t<div class=\"elementor-element elementor-element-a7dece4 elementor-widget__width-initial elementor-widget-mobile__width-initial elementor-widget elementor-widget-text-editor\" data-id=\"a7dece4\" data-element_type=\"widget\" data-e-type=\"widget\" data-widget_type=\"text-editor.default\">\n\t\t\t\t<div class=\"elementor-widget-container\">\n\t\t\t\t\t\t\t\t\t<p>Egal wie komplex das Problem ist, Sie k\u00f6nnen darauf vertrauen, dass Ihr Fahrzeug bei uns in den besten H\u00e4nden ist. Unser Reparaturteam setzt sich daf\u00fcr ein, dass Ihr Getriebe voll funktionsf\u00e4hig ist, damit Sie eine reibungslose und st\u00f6rungsfreie Fahrt genie\u00dfen k\u00f6nnen.<\/p>\t\t\t\t\t\t\t\t<\/div>\n\t\t\t\t<\/div>\n\t\t\t\t\t<\/div>\n\t\t<\/div>\n\t\t\t\t\t<\/div>\n\t\t<\/section>\n\t\t\t\t<section class=\"elementor-section elementor-top-section elementor-element elementor-element-885cc2d elementor-section-boxed elementor-section-height-default elementor-section-height-default wpr-particle-no wpr-jarallax-no wpr-parallax-no wpr-sticky-section-no\" data-id=\"885cc2d\" data-element_type=\"section\" data-e-type=\"section\">\n\t\t\t\t\t\t<div class=\"elementor-container elementor-column-gap-default\">\n\t\t\t\t\t<div class=\"elementor-column elementor-col-100 elementor-top-column elementor-element elementor-element-f2f96fc\" data-id=\"f2f96fc\" data-element_type=\"column\" data-e-type=\"column\">\n\t\t\t<div class=\"elementor-widget-wrap elementor-element-populated\">\n\t\t\t\t\t\t<div class=\"elementor-element elementor-element-d030b1a elementor-widget elementor-widget-video\" data-id=\"d030b1a\" data-element_type=\"widget\" data-e-type=\"widget\" data-settings=\"{&quot;youtube_url&quot;:&quot;https:\\\/\\\/www.youtube.com\\\/watch?v=DcXdSrQ2Puk&amp;ab_channel=MechanikWa%C5%82brzych%7CJCB&quot;,&quot;video_type&quot;:&quot;youtube&quot;,&quot;controls&quot;:&quot;yes&quot;}\" data-widget_type=\"video.default\">\n\t\t\t\t<div class=\"elementor-widget-container\">\n\t\t\t\t\t\t\t<div class=\"elementor-wrapper elementor-open-inline\">\n\t\t\t<div class=\"elementor-video\"><\/div>\t\t<\/div>\n\t\t\t\t\t\t<\/div>\n\t\t\t\t<\/div>\n\t\t\t\t\t<\/div>\n\t\t<\/div>\n\t\t\t\t\t<\/div>\n\t\t<\/section>\n\t\t\t\t<section class=\"elementor-section elementor-top-section elementor-element elementor-element-f2a2594 elementor-section-boxed elementor-section-height-default elementor-section-height-default wpr-particle-no wpr-jarallax-no wpr-parallax-no wpr-sticky-section-no\" data-id=\"f2a2594\" data-element_type=\"section\" data-e-type=\"section\">\n\t\t\t\t\t\t<div class=\"elementor-container elementor-column-gap-default\">\n\t\t\t\t\t<div class=\"elementor-column elementor-col-100 elementor-top-column elementor-element elementor-element-a48ab7f\" data-id=\"a48ab7f\" data-element_type=\"column\" data-e-type=\"column\">\n\t\t\t<div class=\"elementor-widget-wrap elementor-element-populated\">\n\t\t\t\t\t\t<div class=\"elementor-element elementor-element-5b64ddd elementor-widget elementor-widget-spacer\" data-id=\"5b64ddd\" data-element_type=\"widget\" data-e-type=\"widget\" data-widget_type=\"spacer.default\">\n\t\t\t\t<div class=\"elementor-widget-container\">\n\t\t\t\t\t\t\t<div class=\"elementor-spacer\">\n\t\t\t<div class=\"elementor-spacer-inner\"><\/div>\n\t\t<\/div>\n\t\t\t\t\t\t<\/div>\n\t\t\t\t<\/div>\n\t\t\t\t\t<\/div>\n\t\t<\/div>\n\t\t\t\t\t<\/div>\n\t\t<\/section>\n\t\t\t\t<\/div>","protected":false},"excerpt":{"rendered":"<p>Naprawa Skrzy\u0144 Bieg\u00f3w Wa\u0142brzych Naprawa skrzy\u0144 bieg\u00f3w w JC BiS &#8211; us\u0142uga dla ka\u017cdego typu pojazdu Naprawa skrzy\u0144 bieg\u00f3w w Wa\u0142brzych &#8211; Skrzynia bieg\u00f3w jest jednym z najwa\u017cniejszych element\u00f3w ka\u017cdego pojazdu, wp\u0142ywaj\u0105c na jego wydajno\u015b\u0107, p\u0142ynno\u015b\u0107 jazdy i oszcz\u0119dno\u015b\u0107 paliwa. Nasz do\u015bwiadczony zesp\u00f3\u0142 mechanik\u00f3w specjalizuje si\u0119 w naprawach r\u00f3\u017cnych typ\u00f3w skrzy\u0144 bieg\u00f3w, od manualnych po automatyczne. Nasza us\u0142uga Naprawy Skrzy\u0144 Bieg\u00f3w obejmuje: Diagnostyk\u0119 i Oceny Zaczynamy od dok\u0142adnej diagnostyki skrzyni bieg\u00f3w, aby zidentyfikowa\u0107 problem i ustali\u0107 zakres naprawy. Nasi eksperci oceni\u0105 stan skrzyni, co pozwoli na odpowiednie planowanie naprawy. Naprawy i Regeneracj\u0119 Bez wzgl\u0119du na rodzaj usterek, nasz zesp\u00f3\u0142 skutecznie naprawi Twoj\u0105 skrzyni\u0119 bieg\u00f3w. Wykorzystujemy najnowsze technologie i narz\u0119dzia, aby zapewni\u0107 profesjonalne i trwa\u0142e rozwi\u0105zania. Wymian\u0119 Cz\u0119\u015bci Je\u015bli konieczna jest wymiana uszkodzonych lub zu\u017cytych cz\u0119\u015bci, korzystamy z wysokiej jako\u015bci podzespo\u0142\u00f3w od zaufanych dostawc\u00f3w. Dba\u0142o\u015b\u0107 o jako\u015b\u0107 zapewnia d\u0142ugotrwa\u0142o\u015b\u0107 naprawy. Niezale\u017cnie od skomplikowania problemu, mo\u017cesz nam zaufa\u0107, \u017ce Tw\u00f3j pojazd jest w najlepszych r\u0119kach. Nasz zesp\u00f3\u0142 naprawczy jest zaanga\u017cowany w zapewnienie pe\u0142nej sprawno\u015bci Twojej skrzyni bieg\u00f3w, aby\u015b m\u00f3g\u0142 cieszy\u0107 si\u0119 p\u0142ynn\u0105 i bezawaryjn\u0105 jazd\u0105. https:\/\/www.youtube.com\/watch?v=DcXdSrQ2Puk&#038;ab_channel=MechanikWa%C5%82brzych%7CJCB<\/p>","protected":false},"author":1,"featured_media":0,"parent":0,"menu_order":0,"comment_status":"closed","ping_status":"closed","template":"","meta":{"om_disable_all_campaigns":false,"footnotes":""},"class_list":["post-1366","page","type-page","status-publish","hentry"],"_links":{"self":[{"href":"https:\/\/jcbis.pl\/de\/wp-json\/wp\/v2\/pages\/1366","targetHints":{"allow":["GET"]}}],"collection":[{"href":"https:\/\/jcbis.pl\/de\/wp-json\/wp\/v2\/pages"}],"about":[{"href":"https:\/\/jcbis.pl\/de\/wp-json\/wp\/v2\/types\/page"}],"author":[{"embeddable":true,"href":"https:\/\/jcbis.pl\/de\/wp-json\/wp\/v2\/users\/1"}],"replies":[{"embeddable":true,"href":"https:\/\/jcbis.pl\/de\/wp-json\/wp\/v2\/comments?post=1366"}],"version-history":[{"count":19,"href":"https:\/\/jcbis.pl\/de\/wp-json\/wp\/v2\/pages\/1366\/revisions"}],"predecessor-version":[{"id":2060,"href":"https:\/\/jcbis.pl\/de\/wp-json\/wp\/v2\/pages\/1366\/revisions\/2060"}],"wp:attachment":[{"href":"https:\/\/jcbis.pl\/de\/wp-json\/wp\/v2\/media?parent=1366"}],"curies":[{"name":"wp","href":"https:\/\/api.w.org\/{rel}","templated":true}]}}